{"id":1762,"date":"2024-04-11T16:58:04","date_gmt":"2024-04-11T15:58:04","guid":{"rendered":"https:\/\/www.runtheworld.co\/?page_id=1762"},"modified":"2025-12-10T18:18:37","modified_gmt":"2025-12-10T17:18:37","slug":"preguntas-frecuentes","status":"publish","type":"page","link":"https:\/\/www.runtheworld.co\/fr\/preguntas-frecuentes\/","title":{"rendered":"Foire aux questions"},"content":{"rendered":"<div data-elementor-type=\"wp-page\" data-elementor-id=\"1762\" class=\"elementor elementor-1762\" data-elementor-post-type=\"page\">\n\t\t\t\t<div class=\"elementor-element elementor-element-c9db02e e-flex e-con-boxed e-con e-parent\" data-id=\"c9db02e\" data-element_type=\"container\" data-e-type=\"container\" data-settings=\"{&quot;background_background&quot;:&quot;classic&quot;}\">\n\t\t\t\t\t<div class=\"e-con-inner\">\n\t\t<div class=\"elementor-element elementor-element-65f59cd2 e-con-full e-flex e-con e-child\" data-id=\"65f59cd2\" data-element_type=\"container\" data-e-type=\"container\">\n\t\t\t\t<div class=\"elementor-element elementor-element-c54c026 elementor-widget elementor-widget-n-accordion\" data-id=\"c54c026\" data-element_type=\"widget\" data-e-type=\"widget\" data-settings=\"{&quot;default_state&quot;:&quot;all_collapsed&quot;,&quot;max_items_expended&quot;:&quot;one&quot;,&quot;n_accordion_animation_duration&quot;:{&quot;unit&quot;:&quot;ms&quot;,&quot;size&quot;:400,&quot;sizes&quot;:[]}}\" data-widget_type=\"nested-accordion.default\">\n\t\t\t\t<div class=\"elementor-widget-container\">\n\t\t\t\t\t\t\t<div class=\"e-n-accordion\" aria-label=\"Accord\u00e9on. Ouvrez les liens avec Entr\u00e9e ou Espace, fermez-les avec \u00c9chap et naviguez avec les fl\u00e8ches directionnelles.\">\n\t\t\t\t\t\t<details id=\"e-n-accordion-item-2060\" class=\"e-n-accordion-item\" >\n\t\t\t\t<summary class=\"e-n-accordion-item-title\" data-accordion-index=\"1\" tabindex=\"0\" aria-expanded=\"false\" aria-controls=\"e-n-accordion-item-2060\" >\n\t\t\t\t\t<span class='e-n-accordion-item-title-header'><div class=\"e-n-accordion-item-title-text\"> Le don est-il inclus dans le prix de mon forfait voyage\u00a0?  <\/div><\/span>\n\t\t\t\t\t\t\t<span class='e-n-accordion-item-title-icon'>\n\t\t\t<span class='e-opened' ><svg aria-hidden=\"true\" class=\"e-font-icon-svg e-fas-chevron-up\" viewbox=\"0 0 448 512\" xmlns=\"http:\/\/www.w3.org\/2000\/svg\"><path d=\"M240.971 130.524l194.343 194.343c9.373 9.373 9.373 24.569 0 33.941l-22.667 22.667c-9.357 9.357-24.522 9.375-33.901.04L224 227.495 69.255 381.516c-9.379 9.335-24.544 9.317-33.901-.04l-22.667-22.667c-9.373-9.373-9.373-24.569 0-33.941L207.03 130.525c9.372-9.373 24.568-9.373 33.941-.001z\"><\/path><\/svg><\/span>\n\t\t\t<span class='e-closed'><svg aria-hidden=\"true\" class=\"e-font-icon-svg e-fas-chevron-right\" viewbox=\"0 0 320 512\" xmlns=\"http:\/\/www.w3.org\/2000\/svg\"><path d=\"M285.476 272.971L91.132 467.314c-9.373 9.373-24.569 9.373-33.941 0l-22.667-22.667c-9.357-9.357-9.375-24.522-.04-33.901L188.505 256 34.484 101.255c-9.335-9.379-9.317-24.544.04-33.901l22.667-22.667c9.373-9.373 24.569-9.373 33.941 0L285.475 239.03c9.373 9.372 9.373 24.568.001 33.941z\"><\/path><\/svg><\/span>\n\t\t<\/span>\n\n\t\t\t\t\t\t<\/summary>\n\t\t\t\t<div role=\"region\" aria-labelledby=\"e-n-accordion-item-2060\" class=\"elementor-element elementor-element-574ff25 e-con-full e-flex e-con e-child\" data-id=\"574ff25\" data-element_type=\"container\" data-e-type=\"container\">\n\t\t\t\t<div class=\"elementor-element elementor-element-6d6e03f elementor-widget elementor-widget-text-editor\" data-id=\"6d6e03f\" data-element_type=\"widget\" data-e-type=\"widget\" data-widget_type=\"text-editor.default\">\n\t\t\t\t<div class=\"elementor-widget-container\">\n\t\t\t\t\t\t\t\t\t<p>Oui, votre forfait et ceux de vos compagnons de voyage nous permettent de faire un don. <strong data-start=\"319\" data-end=\"357\">entre 100 et 120 \u20ac par participant<\/strong>, aux ONG avec lesquelles nous travaillons dans chaque destination. <span style=\"font-family: -apple-system, BlinkMacSystemFont, 'Segoe UI', Roboto, 'Helvetica Neue', Arial, 'Noto Sans', sans-serif, 'Apple Color Emoji', 'Segoe UI Emoji', 'Segoe UI Symbol', 'Noto Color Emoji';\">De plus, durant notre s\u00e9jour, nous avons contract\u00e9 des services directement avec ces ONG afin de soutenir chacune de leurs actions.<\/span><\/p><p>Certains de ces dons vous permettent de recevoir un <strong data-start=\"547\" data-end=\"574\">certificat de don<\/strong> qui, selon votre lieu de r\u00e9sidence, peut \u00eatre <strong data-start=\"620\" data-end=\"635\">d\u00e9ductible d&#039;imp\u00f4t<\/strong>.<\/p><p>Si vous souhaitez faire un don plus important, nous serions ravis de vous aider \u00e0 cr\u00e9er une campagne. <em data-start=\"717\" data-end=\"730\">collecte de fonds<\/em> et donner de la visibilit\u00e9 aux projets que vous y d\u00e9couvrirez.<\/p>\t\t\t\t\t\t\t\t<\/div>\n\t\t\t\t<\/div>\n\t\t\t\t<\/div>\n\t\t\t\t\t<\/details>\n\t\t\t\t\t\t<details id=\"e-n-accordion-item-2061\" class=\"e-n-accordion-item\" >\n\t\t\t\t<summary class=\"e-n-accordion-item-title\" data-accordion-index=\"2\" tabindex=\"-1\" aria-expanded=\"false\" aria-controls=\"e-n-accordion-item-2061\" >\n\t\t\t\t\t<span class='e-n-accordion-item-title-header'><div class=\"e-n-accordion-item-title-text\"> Les destinations que vous proposez sont-elles s\u00fbres (exemptes de conflits, de maladies...) ? <\/div><\/span>\n\t\t\t\t\t\t\t<span class='e-n-accordion-item-title-icon'>\n\t\t\t<span class='e-opened' ><svg aria-hidden=\"true\" class=\"e-font-icon-svg e-fas-chevron-up\" viewbox=\"0 0 448 512\" xmlns=\"http:\/\/www.w3.org\/2000\/svg\"><path d=\"M240.971 130.524l194.343 194.343c9.373 9.373 9.373 24.569 0 33.941l-22.667 22.667c-9.357 9.357-24.522 9.375-33.901.04L224 227.495 69.255 381.516c-9.379 9.335-24.544 9.317-33.901-.04l-22.667-22.667c-9.373-9.373-9.373-24.569 0-33.941L207.03 130.525c9.372-9.373 24.568-9.373 33.941-.001z\"><\/path><\/svg><\/span>\n\t\t\t<span class='e-closed'><svg aria-hidden=\"true\" class=\"e-font-icon-svg e-fas-chevron-right\" viewbox=\"0 0 320 512\" xmlns=\"http:\/\/www.w3.org\/2000\/svg\"><path d=\"M285.476 272.971L91.132 467.314c-9.373 9.373-24.569 9.373-33.941 0l-22.667-22.667c-9.357-9.357-9.375-24.522-.04-33.901L188.505 256 34.484 101.255c-9.335-9.379-9.317-24.544.04-33.901l22.667-22.667c9.373-9.373 24.569-9.373 33.941 0L285.475 239.03c9.373 9.372 9.373 24.568.001 33.941z\"><\/path><\/svg><\/span>\n\t\t<\/span>\n\n\t\t\t\t\t\t<\/summary>\n\t\t\t\t<div role=\"region\" aria-labelledby=\"e-n-accordion-item-2061\" class=\"elementor-element elementor-element-8ad1690 e-con-full e-flex e-con e-child\" data-id=\"8ad1690\" data-element_type=\"container\" data-e-type=\"container\">\n\t\t\t\t<div class=\"elementor-element elementor-element-f23f8f3 elementor-widget elementor-widget-text-editor\" data-id=\"f23f8f3\" data-element_type=\"widget\" data-e-type=\"widget\" data-widget_type=\"text-editor.default\">\n\t\t\t\t<div class=\"elementor-widget-container\">\n\t\t\t\t\t\t\t\t\t<div class=\"flex-shrink-0 flex flex-col relative items-end\"><div><div class=\"pt-0\"><div class=\"gizmo-bot-avatar flex h-8 w-8 items-center justify-center overflow-hidden rounded-full\"><div class=\"relative p-1 rounded-sm flex items-center justify-center bg-token-main-surface-primary text-token-text-primary h-8 w-8\"><p>La s\u00e9curit\u00e9 de nos voyageurs est notre priorit\u00e9 absolue. Lors de l&#039;organisation de voyages vers des destinations comme Madagascar, le Kenya, le S\u00e9n\u00e9gal et la Sierra Leone, nous suivons toujours deux principes fondamentaux\u00a0: les recommandations officielles du minist\u00e8re des Affaires \u00e9trang\u00e8res concernant le pays et les r\u00e9gions visit\u00e9es, et le bon sens.<\/p><p>Les r\u00e9gions que nous visitons sont exemptes de conflits et leurs habitants, chaleureux et accueillants, re\u00e7oivent les voyageurs avec hospitalit\u00e9. Dans certaines zones, il est d\u00e9conseill\u00e9 de voyager de nuit ou il est pr\u00e9f\u00e9rable d&#039;\u00eatre accompagn\u00e9\u00a0; nous prenons alors toutes les pr\u00e9cautions n\u00e9cessaires. Nos partenaires locaux de confiance, qui poss\u00e8dent une connaissance approfondie du terrain et de la culture, nous guident dans chaque d\u00e9cision afin de garantir une exp\u00e9rience s\u00fbre et enrichissante.<\/p><\/div><\/div><\/div><\/div><\/div>\t\t\t\t\t\t\t\t<\/div>\n\t\t\t\t<\/div>\n\t\t\t\t<\/div>\n\t\t\t\t\t<\/details>\n\t\t\t\t\t\t<details id=\"e-n-accordion-item-2062\" class=\"e-n-accordion-item\" >\n\t\t\t\t<summary class=\"e-n-accordion-item-title\" data-accordion-index=\"3\" tabindex=\"-1\" aria-expanded=\"false\" aria-controls=\"e-n-accordion-item-2062\" >\n\t\t\t\t\t<span class='e-n-accordion-item-title-header'><div class=\"e-n-accordion-item-title-text\"> Dois-je \u00eatre en excellente forme physique pour y aller ? <\/div><\/span>\n\t\t\t\t\t\t\t<span class='e-n-accordion-item-title-icon'>\n\t\t\t<span class='e-opened' ><svg aria-hidden=\"true\" class=\"e-font-icon-svg e-fas-chevron-up\" viewbox=\"0 0 448 512\" xmlns=\"http:\/\/www.w3.org\/2000\/svg\"><path d=\"M240.971 130.524l194.343 194.343c9.373 9.373 9.373 24.569 0 33.941l-22.667 22.667c-9.357 9.357-24.522 9.375-33.901.04L224 227.495 69.255 381.516c-9.379 9.335-24.544 9.317-33.901-.04l-22.667-22.667c-9.373-9.373-9.373-24.569 0-33.941L207.03 130.525c9.372-9.373 24.568-9.373 33.941-.001z\"><\/path><\/svg><\/span>\n\t\t\t<span class='e-closed'><svg aria-hidden=\"true\" class=\"e-font-icon-svg e-fas-chevron-right\" viewbox=\"0 0 320 512\" xmlns=\"http:\/\/www.w3.org\/2000\/svg\"><path d=\"M285.476 272.971L91.132 467.314c-9.373 9.373-24.569 9.373-33.941 0l-22.667-22.667c-9.357-9.357-9.375-24.522-.04-33.901L188.505 256 34.484 101.255c-9.335-9.379-9.317-24.544.04-33.901l22.667-22.667c9.373-9.373 24.569-9.373 33.941 0L285.475 239.03c9.373 9.372 9.373 24.568.001 33.941z\"><\/path><\/svg><\/span>\n\t\t<\/span>\n\n\t\t\t\t\t\t<\/summary>\n\t\t\t\t<div role=\"region\" aria-labelledby=\"e-n-accordion-item-2062\" class=\"elementor-element elementor-element-4da0aff e-con-full e-flex e-con e-child\" data-id=\"4da0aff\" data-element_type=\"container\" data-e-type=\"container\">\n\t\t\t\t<div class=\"elementor-element elementor-element-51df56a elementor-widget elementor-widget-text-editor\" data-id=\"51df56a\" data-element_type=\"widget\" data-e-type=\"widget\" data-widget_type=\"text-editor.default\">\n\t\t\t\t<div class=\"elementor-widget-container\">\n\t\t\t\t\t\t\t\t\t<div class=\"e-n-accordion-item-title-text\"><p data-start=\"156\" data-end=\"503\">Il n&#039;est pas n\u00e9cessaire d&#039;\u00eatre un athl\u00e8te pour participer \u00e0 ce voyage, car il s&#039;agit d&#039;une aventure sportive et active, et non d&#039;une comp\u00e9tition. Toutefois, nous pr\u00e9voyons des randonn\u00e9es de 3 \u00e0 5 heures dans des parcs nationaux\u00a0; il est donc recommand\u00e9 d&#039;\u00eatre \u00e0 l&#039;aise avec une activit\u00e9 physique mod\u00e9r\u00e9e pour en profiter pleinement.<\/p><\/div>\t\t\t\t\t\t\t\t<\/div>\n\t\t\t\t<\/div>\n\t\t\t\t<\/div>\n\t\t\t\t\t<\/details>\n\t\t\t\t\t\t<details id=\"e-n-accordion-item-2063\" class=\"e-n-accordion-item\" >\n\t\t\t\t<summary class=\"e-n-accordion-item-title\" data-accordion-index=\"4\" tabindex=\"-1\" aria-expanded=\"false\" aria-controls=\"e-n-accordion-item-2063\" >\n\t\t\t\t\t<span class='e-n-accordion-item-title-header'><div class=\"e-n-accordion-item-title-text\"> Pourriez-vous m&#039;aider \u00e0 acheter les billets d&#039;avion ? <\/div><\/span>\n\t\t\t\t\t\t\t<span class='e-n-accordion-item-title-icon'>\n\t\t\t<span class='e-opened' ><svg aria-hidden=\"true\" class=\"e-font-icon-svg e-fas-chevron-up\" viewbox=\"0 0 448 512\" xmlns=\"http:\/\/www.w3.org\/2000\/svg\"><path d=\"M240.971 130.524l194.343 194.343c9.373 9.373 9.373 24.569 0 33.941l-22.667 22.667c-9.357 9.357-24.522 9.375-33.901.04L224 227.495 69.255 381.516c-9.379 9.335-24.544 9.317-33.901-.04l-22.667-22.667c-9.373-9.373-9.373-24.569 0-33.941L207.03 130.525c9.372-9.373 24.568-9.373 33.941-.001z\"><\/path><\/svg><\/span>\n\t\t\t<span class='e-closed'><svg aria-hidden=\"true\" class=\"e-font-icon-svg e-fas-chevron-right\" viewbox=\"0 0 320 512\" xmlns=\"http:\/\/www.w3.org\/2000\/svg\"><path d=\"M285.476 272.971L91.132 467.314c-9.373 9.373-24.569 9.373-33.941 0l-22.667-22.667c-9.357-9.357-9.375-24.522-.04-33.901L188.505 256 34.484 101.255c-9.335-9.379-9.317-24.544.04-33.901l22.667-22.667c9.373-9.373 24.569-9.373 33.941 0L285.475 239.03c9.373 9.372 9.373 24.568.001 33.941z\"><\/path><\/svg><\/span>\n\t\t<\/span>\n\n\t\t\t\t\t\t<\/summary>\n\t\t\t\t<div role=\"region\" aria-labelledby=\"e-n-accordion-item-2063\" class=\"elementor-element elementor-element-369cf16 e-con-full e-flex e-con e-child\" data-id=\"369cf16\" data-element_type=\"container\" data-e-type=\"container\">\n\t\t\t\t<div class=\"elementor-element elementor-element-270e19a elementor-widget elementor-widget-text-editor\" data-id=\"270e19a\" data-element_type=\"widget\" data-e-type=\"widget\" data-widget_type=\"text-editor.default\">\n\t\t\t\t<div class=\"elementor-widget-container\">\n\t\t\t\t\t\t\t\t\t<p>Oui, bien que notre agence n&#039;\u00e9mette pas de billets d&#039;avion, nous collaborons avec des agences de confiance et vous mettons en relation avec d&#039;autres voyageurs. Veuillez noter que les vols ne doivent \u00eatre achet\u00e9s qu&#039;une fois votre d\u00e9part confirm\u00e9.<\/p><p data-start=\"102\" data-end=\"390\">Avant de r\u00e9server votre vol, assurez-vous que votre heure d&#039;arriv\u00e9e est compatible avec l&#039;heure de d\u00e9but de votre voyage. Id\u00e9alement, prenez un vol de nuit afin d&#039;arriver \u00e0 l&#039;heure et d&#039;\u00eatre pr\u00eat \u00e0 commencer votre aventure sans encombre.<br data-start=\"330\" data-end=\"333\" \/>Si vous avez besoin d&#039;aide ou de conseils, vous pouvez compter sur nous.<\/p><hr data-start=\"392\" data-end=\"395\" \/><p data-start=\"397\" data-end=\"463\" data-is-last-node=\"\" data-is-only-node=\"\">\u00a0<\/p>\t\t\t\t\t\t\t\t<\/div>\n\t\t\t\t<\/div>\n\t\t\t\t<\/div>\n\t\t\t\t\t<\/details>\n\t\t\t\t\t<\/div>\n\t\t\t\t\t<script type=\"application\/ld+json\">{\"@context\":\"https:\\\/\\\/schema.org\",\"@type\":\"FAQPage\",\"mainEntity\":[{\"@type\":\"Question\",\"name\":\"\\u00bfLa donaci\\u00f3n est\\u00e1 incluida en el precio de mi paquete de viaje?\",\"acceptedAnswer\":{\"@type\":\"Answer\",\"text\":\"S\\u00ed, tu paquete y el de tus compa\\u00f1eros de viaje nos permite realizar una donaci\\u00f3n entre 100 y 120 \\u20ac por participante, a las ONG con las cuales trabajamos en cada destino. Adicionalmente, durante nuestra estad\\u00eda contratamos servicios directamente con estas ONG&#8217;s\\u00a0 para apoyar cada una de sus labores.Algunas de estas donaciones permiten recibir un certificado de donaci\\u00f3n que, seg\\u00fan tu lugar de residencia, puede ser desgravable.Si quieres donar m\\u00e1s, estaremos encantados de ayudarte a crear una campa\\u00f1a de fundraising y darle visibilidad a los proyectos que vas a descubrir all\\u00ed.\"}},{\"@type\":\"Question\",\"name\":\"\\u00bfLos destinos que propon\\u00e9is son seguros (libres de conflictos, enfermedades...)?\",\"acceptedAnswer\":{\"@type\":\"Answer\",\"text\":\"La seguridad de nuestros viajeros es nuestra m\\u00e1xima prioridad. Al organizar nuestros viajes a destinos como Madagascar, Kenia, Senegal y Sierra Leona, seguimos siempre dos principios fundamentales: las recomendaciones oficiales del Ministerio de Asuntos Exteriores sobre el pa\\u00eds y las zonas espec\\u00edficas en las que nos movemos, y el sentido com\\u00fan.Las \\u00e1reas que visitamos est\\u00e1n libres de conflictos y cuentan con una poblaci\\u00f3n amable y acogedora que recibe a los viajeros con hospitalidad. Existen algunas zonas donde se recomienda evitar los desplazamientos nocturnos o donde es mejor estar acompa\\u00f1ados, y en esos casos tomamos todas las precauciones necesarias. Nuestros socios locales de confianza, con profundo conocimiento del terreno y de la cultura, nos gu\\u00edan en cada decisi\\u00f3n para que la experiencia sea segura y enriquecedora.\"}},{\"@type\":\"Question\",\"name\":\"\\u00bfTengo que estar muy en forma para ir?\",\"acceptedAnswer\":{\"@type\":\"Answer\",\"text\":\"No necesitas estar en un nivel avanzado de forma f\\u00edsica para unirte al viaje, ya que se trata de una aventura activa y deportiva, pero no de una carrera. Aun as\\u00ed, realizamos algunas caminatas en parques nacionales de entre 3 y 5 horas, por lo que es recomendable sentirte c\\u00f3modo haciendo actividad f\\u00edsica moderada para disfrutarlas plenamente.\"}},{\"@type\":\"Question\",\"name\":\"\\u00bfMe ayudar\\u00e9is con la compra de los vuelos?\",\"acceptedAnswer\":{\"@type\":\"Answer\",\"text\":\"S\\u00ed, aunque nuestra agencia no emite billetes de avi\\u00f3n, trabajamos con agencias de confianza y te conectamos con otros viajeros. Ten en cuenta que los vuelos solo deben comprarse una vez se confirme la salida del viaje.Antes de comprar tu vuelo, aseg\\u00farate de que la llegada sea compatible con la hora de inicio del viaje. Lo ideal es volar la noche anterior para aterrizar a tiempo y estar listo para comenzar la experiencia sin contratiempos.Si necesitas ayuda o consejo, puedes contar con nosotros.\\u00a0\"}}]}<\/script>\n\t\t\t\t\t\t\t<\/div>\n\t\t\t\t<\/div>\n\t\t\t\t<\/div>\n\t\t\t\t\t<\/div>\n\t\t\t\t<\/div>\n\t\t\t\t<\/div>","protected":false},"excerpt":{"rendered":"<p>Le don est-il inclus dans le prix de mon voyage\u00a0? Oui, votre voyage et ceux de vos compagnons de voyage nous permettent de faire un don de 100 \u00e0 120\u00a0\u20ac par participant aux ONG partenaires dans chaque destination. De plus, pendant notre s\u00e9jour, nous faisons appel directement \u00e0 ces ONG pour des services [\u2026]<\/p>","protected":false},"author":1,"featured_media":0,"parent":0,"menu_order":0,"comment_status":"closed","ping_status":"closed","template":"","meta":{"_acf_changed":false,"footnotes":""},"class_list":["post-1762","page","type-page","status-publish","hentry"],"acf":[],"_links":{"self":[{"href":"https:\/\/www.runtheworld.co\/fr\/wp-json\/wp\/v2\/pages\/1762","targetHints":{"allow":["GET"]}}],"collection":[{"href":"https:\/\/www.runtheworld.co\/fr\/wp-json\/wp\/v2\/pages"}],"about":[{"href":"https:\/\/www.runtheworld.co\/fr\/wp-json\/wp\/v2\/types\/page"}],"author":[{"embeddable":true,"href":"https:\/\/www.runtheworld.co\/fr\/wp-json\/wp\/v2\/users\/1"}],"replies":[{"embeddable":true,"href":"https:\/\/www.runtheworld.co\/fr\/wp-json\/wp\/v2\/comments?post=1762"}],"version-history":[{"count":13,"href":"https:\/\/www.runtheworld.co\/fr\/wp-json\/wp\/v2\/pages\/1762\/revisions"}],"predecessor-version":[{"id":3331,"href":"https:\/\/www.runtheworld.co\/fr\/wp-json\/wp\/v2\/pages\/1762\/revisions\/3331"}],"wp:attachment":[{"href":"https:\/\/www.runtheworld.co\/fr\/wp-json\/wp\/v2\/media?parent=1762"}],"curies":[{"name":"wp","href":"https:\/\/api.w.org\/{rel}","templated":true}]}}