{"id":189,"date":"2024-03-18T09:24:45","date_gmt":"2024-03-18T09:24:45","guid":{"rendered":"https:\/\/www.runtheworld.co\/?page_id=189"},"modified":"2024-04-02T16:25:39","modified_gmt":"2024-04-02T15:25:39","slug":"politica-de-privacidad","status":"publish","type":"page","link":"https:\/\/www.runtheworld.co\/fr\/politica-de-privacidad\/","title":{"rendered":"politique de confidentialit\u00e9"},"content":{"rendered":"<div data-elementor-type=\"wp-page\" data-elementor-id=\"189\" class=\"elementor elementor-189\" data-elementor-post-type=\"page\">\n\t\t\t\t<div class=\"elementor-element elementor-element-d94f807 e-flex e-con-boxed e-con e-parent\" data-id=\"d94f807\" data-element_type=\"container\" data-e-type=\"container\" data-settings=\"{&quot;background_background&quot;:&quot;classic&quot;}\">\n\t\t\t\t\t<div class=\"e-con-inner\">\n\t\t<div class=\"elementor-element elementor-element-9ee3733 e-con-full e-flex e-con e-child\" data-id=\"9ee3733\" data-element_type=\"container\" data-e-type=\"container\">\n\t\t\t\t<div class=\"elementor-element elementor-element-f3f05ad politicas-links elementor-widget elementor-widget-text-editor\" data-id=\"f3f05ad\" data-element_type=\"widget\" data-e-type=\"widget\" data-widget_type=\"text-editor.default\">\n\t\t\t\t<div class=\"elementor-widget-container\">\n\t\t\t\t\t\t\t\t\t<p>La pr\u00e9sente Politique de confidentialit\u00e9 explique comment nous utilisons et prot\u00e9geons les informations que vous nous fournissez lorsque vous utilisez notre site web. Nous nous engageons \u00e0 assurer la s\u00e9curit\u00e9 de vos donn\u00e9es. Lorsque nous vous demandons de remplir des champs contenant des informations personnelles susceptibles de vous identifier, nous vous assurons que ces informations seront utilis\u00e9es uniquement conform\u00e9ment aux termes du pr\u00e9sent document. Toutefois, cette Politique de confidentialit\u00e9 peut \u00eatre modifi\u00e9e ou mise \u00e0 jour ponctuellement\u00a0; nous vous recommandons donc vivement de consulter r\u00e9guli\u00e8rement cette page afin de prendre connaissance des \u00e9ventuelles modifications et d\u2019y consentir.<\/p><p><strong>Informations collect\u00e9es<\/strong><br \/>Notre site web peut collecter des informations personnelles telles que votre nom, vos coordonn\u00e9es (notamment votre adresse e-mail) et des donn\u00e9es d\u00e9mographiques. De plus, des informations sp\u00e9cifiques peuvent \u00eatre requises, le cas \u00e9ch\u00e9ant, pour traiter une commande, effectuer une livraison ou \u00e9mettre une facture.<\/p><p><strong>Utilisation des informations collect\u00e9es<\/strong><br \/>Notre site web utilise vos informations pour vous offrir le meilleur service possible, notamment pour g\u00e9rer votre historique utilisateur, traiter vos commandes (le cas \u00e9ch\u00e9ant) et am\u00e9liorer nos produits et services. Nous pouvons vous envoyer p\u00e9riodiquement des e-mails via notre site web contenant des offres sp\u00e9ciales, des informations sur nos nouveaux produits et d&#039;autres informations promotionnelles susceptibles de vous int\u00e9resser. Ces e-mails seront envoy\u00e9s \u00e0 l&#039;adresse que vous nous avez fournie et vous pouvez vous d\u00e9sabonner \u00e0 tout moment.<\/p><p>RuntheWorld s&#039;engage pleinement \u00e0 prot\u00e9ger vos informations. Nous utilisons les syst\u00e8mes les plus avanc\u00e9s et les mettons constamment \u00e0 jour afin d&#039;emp\u00eacher tout acc\u00e8s non autoris\u00e9.<\/p><p><strong>Liens tiers<\/strong><br \/>Ce site web peut contenir des liens vers d&#039;autres sites susceptibles de vous int\u00e9resser. Lorsque vous cliquez sur ces liens et quittez notre site, nous n&#039;avons plus aucun contr\u00f4le sur le site vers lequel vous \u00eates redirig\u00e9 et ne sommes donc pas responsables des pratiques de confidentialit\u00e9 ni de la protection des donn\u00e9es de ces sites tiers. Ces sites sont soumis \u00e0 leurs propres politiques de confidentialit\u00e9\u00a0; nous vous recommandons donc de les consulter afin de vous assurer qu&#039;elles vous conviennent.<\/p><p><strong>Contr\u00f4le de vos donn\u00e9es personnelles<\/strong><br \/>Vous pouvez \u00e0 tout moment limiter la collecte ou l&#039;utilisation des renseignements personnels que vous fournissez sur notre site Web. Lorsque vous remplissez un formulaire, comme un formulaire d&#039;inscription, vous pouvez cocher ou d\u00e9cocher l&#039;option permettant de recevoir des informations par courriel. Si vous avez choisi de recevoir notre infolettre ou nos publicit\u00e9s, vous pouvez vous d\u00e9sabonner \u00e0 tout moment.<\/p><p>Conform\u00e9ment aux dispositions de la loi organique 15\/99 relative \u00e0 la protection des donn\u00e9es (LOPD), le client consent \u00e0 ce que ses donn\u00e9es personnelles, ainsi que toutes les donn\u00e9es qu&#039;il pourrait fournir ult\u00e9rieurement, soient collect\u00e9es et trait\u00e9es dans un fichier appartenant \u00e0 l&#039;agence RuntheWorld, situ\u00e9e Carrer de Proven\u00e7a 339, 08037 Barcelone, Espagne. Ces donn\u00e9es ont \u00e9t\u00e9 collect\u00e9es par l&#039;agence RuntheWorld afin de g\u00e9rer et d&#039;am\u00e9liorer les services fournis au client, et sont n\u00e9cessaires \u00e0 la r\u00e9alisation de ces finalit\u00e9s.<\/p><p>La partie concern\u00e9e peut exercer les droits reconnus par la loi et, en particulier, ceux d&#039;acc\u00e8s, de rectification, d&#039;effacement et d&#039;opposition au moyen d&#039;une communication \u00e9crite qui peut \u00eatre envoy\u00e9e \u00e0 l&#039;adresse hello@runtheworld.co dans le seul but de g\u00e9rer les transferts, les encaissements et les paiements qui d\u00e9coulent de la relation commerciale et de l&#039;utilisation de nos services.<\/p><p>Aux fins de l\u2019article 34.e) de la LOPD, la personne concern\u00e9e donne son consentement implicite lors de la conclusion du contrat de service ou lors des r\u00e9clamations y aff\u00e9rentes, afin que nous puissions transf\u00e9rer ses donn\u00e9es n\u00e9cessaires aux r\u00e9servations d\u2019h\u00f4tel, de transport et aux services contract\u00e9s, aux destinataires concern\u00e9s (grossistes, centres de r\u00e9servation, compagnies a\u00e9riennes et maritimes, ou similaires) et, le cas \u00e9ch\u00e9ant, en fonction du service ou du voyage \u00e0 effectuer, \u00e0 tout pays du monde, y compris, le cas \u00e9ch\u00e9ant, ceux qui n\u2019offrent pas un niveau de protection comparable \u00e0 celui requis par la LOPD.<\/p><p>RuntheWorld se r\u00e9serve le droit de modifier les termes de cette politique de confidentialit\u00e9 \u00e0 tout moment.<\/p>\t\t\t\t\t\t\t\t<\/div>\n\t\t\t\t<\/div>\n\t\t\t\t<\/div>\n\t\t\t\t\t<\/div>\n\t\t\t\t<\/div>\n\t\t\t\t<\/div>","protected":false},"excerpt":{"rendered":"<p>La presente Pol\u00edtica de Privacidad establece los t\u00e9rminos en que se usa y protege la informaci\u00f3n que es proporcionada por sus usuarios al momento de utilizar su sitio web. Esta empresa est\u00e1 comprometida con la seguridad de los datos de sus usuarios. Cuando le pedimos que rellene los campos de informaci\u00f3n personal con la que [&hellip;]<\/p>","protected":false},"author":1,"featured_media":0,"parent":0,"menu_order":0,"comment_status":"closed","ping_status":"closed","template":"","meta":{"_acf_changed":false,"footnotes":""},"class_list":["post-189","page","type-page","status-publish","hentry"],"acf":[],"_links":{"self":[{"href":"https:\/\/www.runtheworld.co\/fr\/wp-json\/wp\/v2\/pages\/189","targetHints":{"allow":["GET"]}}],"collection":[{"href":"https:\/\/www.runtheworld.co\/fr\/wp-json\/wp\/v2\/pages"}],"about":[{"href":"https:\/\/www.runtheworld.co\/fr\/wp-json\/wp\/v2\/types\/page"}],"author":[{"embeddable":true,"href":"https:\/\/www.runtheworld.co\/fr\/wp-json\/wp\/v2\/users\/1"}],"replies":[{"embeddable":true,"href":"https:\/\/www.runtheworld.co\/fr\/wp-json\/wp\/v2\/comments?post=189"}],"version-history":[{"count":16,"href":"https:\/\/www.runtheworld.co\/fr\/wp-json\/wp\/v2\/pages\/189\/revisions"}],"predecessor-version":[{"id":942,"href":"https:\/\/www.runtheworld.co\/fr\/wp-json\/wp\/v2\/pages\/189\/revisions\/942"}],"wp:attachment":[{"href":"https:\/\/www.runtheworld.co\/fr\/wp-json\/wp\/v2\/media?parent=189"}],"curies":[{"name":"wp","href":"https:\/\/api.w.org\/{rel}","templated":true}]}}