{"id":191,"date":"2024-03-18T09:24:54","date_gmt":"2024-03-18T09:24:54","guid":{"rendered":"https:\/\/www.runtheworld.co\/?page_id=191"},"modified":"2024-04-02T16:23:13","modified_gmt":"2024-04-02T15:23:13","slug":"politica-de-cookies","status":"publish","type":"page","link":"https:\/\/www.runtheworld.co\/fr\/politica-de-cookies\/","title":{"rendered":"Politique relative aux cookies"},"content":{"rendered":"<div data-elementor-type=\"wp-page\" data-elementor-id=\"191\" class=\"elementor elementor-191\" data-elementor-post-type=\"page\">\n\t\t\t\t<div class=\"elementor-element elementor-element-2fa5538e e-flex e-con-boxed e-con e-parent\" data-id=\"2fa5538e\" data-element_type=\"container\" data-e-type=\"container\" data-settings=\"{&quot;background_background&quot;:&quot;classic&quot;}\">\n\t\t\t\t\t<div class=\"e-con-inner\">\n\t\t<div class=\"elementor-element elementor-element-47b9f1ea e-con-full e-flex e-con e-child\" data-id=\"47b9f1ea\" data-element_type=\"container\" data-e-type=\"container\">\n\t\t\t\t<div class=\"elementor-element elementor-element-2436b1fc politicas-links elementor-widget elementor-widget-text-editor\" data-id=\"2436b1fc\" data-element_type=\"widget\" data-e-type=\"widget\" data-widget_type=\"text-editor.default\">\n\t\t\t\t<div class=\"elementor-widget-container\">\n\t\t\t\t\t\t\t\t\t<p>Un cookie est un petit fichier texte enregistr\u00e9 dans votre navigateur lorsque vous consultez la plupart des sites web. Il permet au site de se souvenir de votre visite lors de votre prochaine visite. Les cookies stockent g\u00e9n\u00e9ralement des informations techniques, vos pr\u00e9f\u00e9rences personnelles, la personnalisation du contenu, des statistiques d&#039;utilisation, des liens vers les r\u00e9seaux sociaux, l&#039;acc\u00e8s \u00e0 vos comptes utilisateurs, etc. L&#039;objectif d&#039;un cookie est d&#039;adapter le contenu du site \u00e0 votre profil et \u00e0 vos besoins\u00a0; sans cookies, les services propos\u00e9s par un site web seraient consid\u00e9rablement r\u00e9duits.<\/p><p><strong>Cookies utilis\u00e9s sur ce site web<\/strong><br \/>Conform\u00e9ment aux directives de l&#039;Agence espagnole de protection des donn\u00e9es, nous allons d\u00e9tailler l&#039;utilisation des cookies par ce site web afin de vous informer le plus pr\u00e9cis\u00e9ment possible.<\/p><p>Ce site web utilise les cookies internes suivants\u00a0:<\/p><p>Les cookies de session servent \u00e0 garantir que les utilisateurs qui publient des commentaires sur le blog sont des personnes physiques et non des applications automatis\u00e9es. Cela contribue \u00e0 lutter contre le spam.<br \/>Ce site web utilise les cookies tiers suivants\u00a0:<\/p><p>Google Analytics utilise des cookies pour compiler des statistiques sur le trafic et le nombre de visiteurs de ce site web. En utilisant ce site, vous consentez au traitement de vos donn\u00e9es par Google. Par cons\u00e9quent, pour exercer vos droits en la mati\u00e8re, vous devez contacter directement Google.<br \/>Facebook\u00a0: Chaque r\u00e9seau social utilise ses propres cookies pour que vous puissiez cliquer sur les boutons \u00ab\u00a0J\u2019aime\u00a0\u00bb ou \u00ab\u00a0Partager\u00a0\u00bb.<\/p><p><strong>D\u00e9sactiver ou supprimer les cookies<\/strong><br \/>Vous pouvez \u00e0 tout moment exercer votre droit de d\u00e9sactiver ou de supprimer les cookies de ce site web. La proc\u00e9dure varie selon le navigateur utilis\u00e9. <a href=\"https:\/\/www.runtheworld.co\/fr\/?p=1247\/\">Vous trouverez ci-dessous un guide rapide des navigateurs les plus populaires.<\/a><\/p><p>RuntheWorld s&#039;engage pleinement \u00e0 prot\u00e9ger vos informations. Nous utilisons les syst\u00e8mes les plus avanc\u00e9s et les mettons constamment \u00e0 jour afin d&#039;emp\u00eacher tout acc\u00e8s non autoris\u00e9.<\/p><p><strong>Notes compl\u00e9mentaires<\/strong><br \/>Ni ce site web ni ses repr\u00e9sentants l\u00e9gaux ne sont responsables du contenu ou de l&#039;exactitude des politiques de confidentialit\u00e9 des tiers mentionn\u00e9s dans la pr\u00e9sente politique relative aux cookies.<br \/>Les navigateurs web sont responsables du stockage des cookies\u00a0; c\u2019est par leur interm\u00e9diaire que vous devez exercer votre droit de les supprimer ou de les d\u00e9sactiver. Ni ce site web ni ses repr\u00e9sentants l\u00e9gaux ne peuvent garantir le bon fonctionnement des navigateurs en mati\u00e8re de gestion des cookies.<br \/>Dans certains cas, il est n\u00e9cessaire d&#039;installer des cookies pour que le navigateur n&#039;oublie pas votre d\u00e9cision de ne pas les accepter.<br \/>Concernant les cookies de Google Analytics, cette soci\u00e9t\u00e9 les stocke sur des serveurs situ\u00e9s aux \u00c9tats-Unis et s&#039;engage \u00e0 ne pas les partager avec des tiers, sauf si cela est n\u00e9cessaire au fonctionnement du syst\u00e8me ou si la loi l&#039;exige. Selon Google, votre adresse IP n&#039;est pas enregistr\u00e9e. Google Inc. adh\u00e8re au cadre du Bouclier de protection des donn\u00e9es UE-\u00c9tats-Unis, qui garantit que toutes les donn\u00e9es transf\u00e9r\u00e9es seront trait\u00e9es avec un niveau de protection conforme \u00e0 la r\u00e9glementation europ\u00e9enne. Vous trouverez des informations d\u00e9taill\u00e9es \u00e0 ce sujet ici. <a href=\"http:\/\/safeharbor.export.gov\/companyinfo.aspx?id=16626\">lien<\/a>Pour plus d&#039;informations sur l&#039;utilisation des cookies par Google, veuillez consulter le document ci-joint. <a href=\"https:\/\/developers.google.com\/analytics\/devguides\/collection\/analyticsjs\/cookie-usage?hl=es&amp;csw=1\">lien<\/a>.<br \/>Pour toute question ou demande d&#039;information concernant cette politique en mati\u00e8re de cookies, n&#039;h\u00e9sitez pas \u00e0 nous contacter via la section contact.<\/p>\t\t\t\t\t\t\t\t<\/div>\n\t\t\t\t<\/div>\n\t\t\t\t<\/div>\n\t\t\t\t\t<\/div>\n\t\t\t\t<\/div>\n\t\t\t\t<\/div>","protected":false},"excerpt":{"rendered":"<p>Un cookie est un petit fichier texte enregistr\u00e9 dans votre navigateur lorsque vous consultez la plupart des sites web. Son but est de permettre au site de se souvenir de votre visite lorsque vous y revenez. Les cookies stockent g\u00e9n\u00e9ralement des informations techniques, vos pr\u00e9f\u00e9rences personnelles, la personnalisation du contenu, des statistiques d&#039;utilisation, [\u2026]<\/p>","protected":false},"author":1,"featured_media":0,"parent":0,"menu_order":0,"comment_status":"closed","ping_status":"closed","template":"","meta":{"_acf_changed":false,"footnotes":""},"class_list":["post-191","page","type-page","status-publish","hentry"],"acf":[],"_links":{"self":[{"href":"https:\/\/www.runtheworld.co\/fr\/wp-json\/wp\/v2\/pages\/191","targetHints":{"allow":["GET"]}}],"collection":[{"href":"https:\/\/www.runtheworld.co\/fr\/wp-json\/wp\/v2\/pages"}],"about":[{"href":"https:\/\/www.runtheworld.co\/fr\/wp-json\/wp\/v2\/types\/page"}],"author":[{"embeddable":true,"href":"https:\/\/www.runtheworld.co\/fr\/wp-json\/wp\/v2\/users\/1"}],"replies":[{"embeddable":true,"href":"https:\/\/www.runtheworld.co\/fr\/wp-json\/wp\/v2\/comments?post=191"}],"version-history":[{"count":4,"href":"https:\/\/www.runtheworld.co\/fr\/wp-json\/wp\/v2\/pages\/191\/revisions"}],"predecessor-version":[{"id":934,"href":"https:\/\/www.runtheworld.co\/fr\/wp-json\/wp\/v2\/pages\/191\/revisions\/934"}],"wp:attachment":[{"href":"https:\/\/www.runtheworld.co\/fr\/wp-json\/wp\/v2\/media?parent=191"}],"curies":[{"name":"wp","href":"https:\/\/api.w.org\/{rel}","templated":true}]}}